{"id":21289,"date":"2024-03-26T19:10:14","date_gmt":"2024-03-26T19:10:14","guid":{"rendered":"https:\/\/equincommunication.com\/the-neuroscience-of-memory-reconsolidation-and-equine-memory-rewriting-emr\/"},"modified":"2024-03-26T19:10:15","modified_gmt":"2024-03-26T19:10:15","slug":"the-neuroscience-of-memory-reconsolidation-and-equine-memory-rewriting-emr","status":"publish","type":"page","link":"https:\/\/equincommunication.com\/en\/the-neuroscience-of-memory-reconsolidation-and-equine-memory-rewriting-emr\/","title":{"rendered":"The Neuroscience of Memory Reconsolidation and Equine Memory Rewriting (EMR)"},"content":{"rendered":"\t\t<div data-elementor-type=\"wp-page\" data-elementor-id=\"21289\" class=\"elementor elementor-21289 elementor-21056\" data-elementor-post-type=\"page\">\n\t\t\t\t\t\t<section class=\"elementor-section elementor-top-section elementor-element elementor-element-53524c2 elementor-section-boxed elementor-section-height-default elementor-section-height-default\" data-id=\"53524c2\" data-element_type=\"section\" data-e-type=\"section\">\n\t\t\t\t\t\t<div class=\"elementor-container elementor-column-gap-default\">\n\t\t\t\t\t<div class=\"elementor-column elementor-col-100 elementor-top-column elementor-element elementor-element-1af6c47\" data-id=\"1af6c47\" data-element_type=\"column\" data-e-type=\"column\">\n\t\t\t<div class=\"elementor-widget-wrap elementor-element-populated\">\n\t\t\t\t\t\t<div class=\"elementor-element elementor-element-959395b elementor-widget elementor-widget-heading\" data-id=\"959395b\" data-element_type=\"widget\" data-e-type=\"widget\" data-widget_type=\"heading.default\">\n\t\t\t\t<div class=\"elementor-widget-container\">\n\t\t\t\t\t<h2 class=\"elementor-heading-title elementor-size-default\">The Neuroscience of Memory Reconsolidation and Equine Memory Rewriting (EMR)<\/h2>\t\t\t\t<\/div>\n\t\t\t\t<\/div>\n\t\t\t\t\t<\/div>\n\t\t<\/div>\n\t\t\t\t\t<\/div>\n\t\t<\/section>\n\t\t\t\t<section class=\"elementor-section elementor-top-section elementor-element elementor-element-4d6ec24 elementor-section-boxed elementor-section-height-default elementor-section-height-default\" data-id=\"4d6ec24\" data-element_type=\"section\" data-e-type=\"section\">\n\t\t\t\t\t\t<div class=\"elementor-container elementor-column-gap-default\">\n\t\t\t\t\t<div class=\"elementor-column elementor-col-100 elementor-top-column elementor-element elementor-element-8361007\" data-id=\"8361007\" data-element_type=\"column\" data-e-type=\"column\">\n\t\t\t<div class=\"elementor-widget-wrap elementor-element-populated\">\n\t\t\t\t\t\t<div class=\"elementor-element elementor-element-eb94d8e elementor-widget elementor-widget-text-editor\" data-id=\"eb94d8e\" data-element_type=\"widget\" data-e-type=\"widget\" data-widget_type=\"text-editor.default\">\n\t\t\t\t<div class=\"elementor-widget-container\">\n\t\t\t\t\t\t\t\t\t<p>For almost a century, even since Pavlov&#8217;s work, scientific evidence seemed to show that once an emotional response pattern is consolidated (stored in the brain&#8217;s long-term memory circuits) it becomes indelible, permanent, for the rest of the animal&#8217;s or individual&#8217;s life.<\/p>\n<p>Based on this presumption of indelibility, it seemed that the best thing to do to stop an entrenched &#8220;negative&#8221; response was to crush it and counter it with a preferable &#8220;positive&#8221; response, learned and built to compete with the undesirable one. A common equine example is the use of reward or desensitization to counteract anxiety or panic responses and cultivate behaviours that will counteract the undesirable ones being expressed.<\/p>\n<p>As a result, widely used intervention and training techniques are some form of <em>corrective approach*<\/em>, such as non-associative learning (habituation, sensitization, immersion) and associative learning (conditioning with positive or negative reinforcement).<\/p>\n<p>However, it is now well proven scientifically that unwanted implicit memory circuits remain fully intact even when successfully blocked by correction- or habituation-based methods. The old response can therefore return at any time, and vulnerability to relapse is an inherent weakness of all these approaches.<\/p>\n<p>The intervention landscape is changing fundamentally with recent discoveries by neuroscientists of memory reconsolidation, a form of neuroplasticity that allows a schema, or problematic learning stored in long-term memory, to be erased, rewritten, and not just overwritten or overridden by learning a preferable response. For a review of the literature and an explanation of reconsolidation, please consult the reading list at the end of the page.<\/p>\n<p>Equine Memory Rewriting uses the same processes that neuroscientists have identified for memory reconsolidation. How is this fundamentally different from the corrective approach? If an equine is guided to have experiences that dissolve and rewrite the learning or schemas that cause anxiety, for example, that anxiety simply won&#8217;t happen anymore. There&#8217;s nothing left to circumvent, correct or oppose, and no possibility of relapse. Anxiety ceases without the need for a corrective process whereby the equine will receive rewards, punishments or have to work around its anxious state to build a non-anxious state.<\/p>\n<p>This is the kind of deep, lasting change that EMR \u00a9 generates. The discovery of this reconsolidation provides a neurophysiological understanding of why such change can occur in interventions.<\/p>\n<p>Many practitioners achieve such transformative changes from time to time, by chance. EMR \u00a9 is designed to produce these profound changes on a regular and systematic basis in practitioners&#8217; interventions.<\/p>\n<p><em>*corrective approach<\/em>: any intervention or method that aims to oppose, circumvent, inhibit, punish or reinforce a behaviour or psychological state. A term used to differentiate corrective methods and interventions (without the TRP) from transformative methods and interventions that use the TRP.<\/p>\n<p>** Thanks to Services \u00e9quins France Fortin for her visual contribution (horse and daughter looking at a book) in the EMR \u00a9 video clip.<\/p>\n\t\t\t\t\t\t\t\t<\/div>\n\t\t\t\t<\/div>\n\t\t\t\t\t<\/div>\n\t\t<\/div>\n\t\t\t\t\t<\/div>\n\t\t<\/section>\n\t\t<div class=\"elementor-element elementor-element-ff6578b e-flex e-con-boxed e-con e-parent\" data-id=\"ff6578b\" data-element_type=\"container\" data-e-type=\"container\">\n\t\t\t\t\t<div class=\"e-con-inner\">\n\t\t<div class=\"elementor-element elementor-element-aedbcbc e-con-full e-flex e-con e-parent\" data-id=\"aedbcbc\" data-element_type=\"container\" data-e-type=\"container\" data-settings=\"{&quot;background_background&quot;:&quot;classic&quot;}\">\n\t\t\t\t<div class=\"elementor-element elementor-element-4f3e96f elementor-widget elementor-widget-heading\" data-id=\"4f3e96f\" data-element_type=\"widget\" data-e-type=\"widget\" data-widget_type=\"heading.default\">\n\t\t\t\t<div class=\"elementor-widget-container\">\n\t\t\t\t\t<h5 class=\"elementor-heading-title elementor-size-default\">Memory reconsolidation and the crisis of mechanism in psychotherapy (revue de litt\u00e9rature sur l\u2019animal et l\u2019humain)<\/h5>\t\t\t\t<\/div>\n\t\t\t\t<\/div>\n\t\t\t\t<div class=\"elementor-element elementor-element-c02d005 elementor-widget elementor-widget-text-editor\" data-id=\"c02d005\" data-element_type=\"widget\" data-e-type=\"widget\" data-widget_type=\"text-editor.default\">\n\t\t\t\t<div class=\"elementor-widget-container\">\n\t\t\t\t\t\t\t\t\t<p>Bruce Ecker &amp; Alexandre Vaz<\/p>\n<p><em>New Ideas in Psychology, 66,<\/em> (2022). doi:10.1016\/j.newideaspsych.2022.100945<\/p>\n\t\t\t\t\t\t\t\t<\/div>\n\t\t\t\t<\/div>\n\t\t\t\t<div class=\"elementor-element elementor-element-33fa45f elementor-mobile-align-left elementor-widget-mobile__width-inherit elementor-widget elementor-widget-button\" data-id=\"33fa45f\" data-element_type=\"widget\" data-e-type=\"widget\" data-widget_type=\"button.default\">\n\t\t\t\t<div class=\"elementor-widget-container\">\n\t\t\t\t\t\t\t\t\t<div class=\"elementor-button-wrapper\">\n\t\t\t\t\t<a class=\"elementor-button elementor-button-link elementor-size-sm\" href=\"https:\/\/communiction-equin.s3.us-east-2.amazonaws.com\/wp-content\/uploads\/2024\/03\/18184635\/1er-article.pdf\" target=\"_blank\" rel=\"noopener noreferrer nofollow\">\n\t\t\t\t\t\t<span class=\"elementor-button-content-wrapper\">\n\t\t\t\t\t\t\t\t\t<span class=\"elementor-button-text\">View post<\/span>\n\t\t\t\t\t<\/span>\n\t\t\t\t\t<\/a>\n\t\t\t\t<\/div>\n\t\t\t\t\t\t\t\t<\/div>\n\t\t\t\t<\/div>\n\t\t\t\t<\/div>\n\t\t<div class=\"elementor-element elementor-element-399a2cf e-con-full e-flex e-con e-parent\" data-id=\"399a2cf\" data-element_type=\"container\" data-e-type=\"container\" data-settings=\"{&quot;background_background&quot;:&quot;classic&quot;}\">\n\t\t\t\t<div class=\"elementor-element elementor-element-ad9194c elementor-widget elementor-widget-heading\" data-id=\"ad9194c\" data-element_type=\"widget\" data-e-type=\"widget\" data-widget_type=\"heading.default\">\n\t\t\t\t<div class=\"elementor-widget-container\">\n\t\t\t\t\t<h5 class=\"elementor-heading-title elementor-size-default\">Le processus de reconsolidation th\u00e9rapeutique: Transformer les sch\u00e9mas \u00e9motionnels avec la th\u00e9rapie de la coh\u00e9rence<\/h5>\t\t\t\t<\/div>\n\t\t\t\t<\/div>\n\t\t\t\t<div class=\"elementor-element elementor-element-387a4b5 elementor-widget elementor-widget-text-editor\" data-id=\"387a4b5\" data-element_type=\"widget\" data-e-type=\"widget\" data-widget_type=\"text-editor.default\">\n\t\t\t\t<div class=\"elementor-widget-container\">\n\t\t\t\t\t\t\t\t\t<p>Sophie C\u00f4t\u00e9 &amp; Pierre Cousineau<\/p>\n<p><em>Dunod<\/em> (2022)<\/p>\n\t\t\t\t\t\t\t\t<\/div>\n\t\t\t\t<\/div>\n\t\t\t\t<div class=\"elementor-element elementor-element-01b04f2 elementor-mobile-align-left elementor-widget-mobile__width-inherit elementor-widget elementor-widget-button\" data-id=\"01b04f2\" data-element_type=\"widget\" data-e-type=\"widget\" data-widget_type=\"button.default\">\n\t\t\t\t<div class=\"elementor-widget-container\">\n\t\t\t\t\t\t\t\t\t<div class=\"elementor-button-wrapper\">\n\t\t\t\t\t<a class=\"elementor-button elementor-button-link elementor-size-sm\" href=\"https:\/\/www.dunod.com\/sciences-humaines-et-sociales\/reconsolidation-therapeutique-memoire-transformer-schemas-emotionnels\" target=\"_blank\" rel=\"noopener noreferrer nofollow\">\n\t\t\t\t\t\t<span class=\"elementor-button-content-wrapper\">\n\t\t\t\t\t\t\t\t\t<span class=\"elementor-button-text\">View post<\/span>\n\t\t\t\t\t<\/span>\n\t\t\t\t\t<\/a>\n\t\t\t\t<\/div>\n\t\t\t\t\t\t\t\t<\/div>\n\t\t\t\t<\/div>\n\t\t\t\t<\/div>\n\t\t<div class=\"elementor-element elementor-element-46fc188 e-con-full e-flex e-con e-parent\" data-id=\"46fc188\" data-element_type=\"container\" data-e-type=\"container\" data-settings=\"{&quot;background_background&quot;:&quot;classic&quot;}\">\n\t\t\t\t<div class=\"elementor-element elementor-element-8284a57 elementor-widget elementor-widget-heading\" data-id=\"8284a57\" data-element_type=\"widget\" data-e-type=\"widget\" data-widget_type=\"heading.default\">\n\t\t\t\t<div class=\"elementor-widget-container\">\n\t\t\t\t\t<h5 class=\"elementor-heading-title elementor-size-default\">Clinical Translation of Memory Reconsolidation Research: Therapeutic Methodology for Transformational Change by Erasing Implicit Emotional Learnings Driving Symptom Production<\/h5>\t\t\t\t<\/div>\n\t\t\t\t<\/div>\n\t\t\t\t<div class=\"elementor-element elementor-element-b7f0eee elementor-widget elementor-widget-text-editor\" data-id=\"b7f0eee\" data-element_type=\"widget\" data-e-type=\"widget\" data-widget_type=\"text-editor.default\">\n\t\t\t\t<div class=\"elementor-widget-container\">\n\t\t\t\t\t\t\t\t\t<p>Bruce Ecker<\/p>\n<p><em>International Journal of Neuropsychotherapy, 6<\/em>(1), 1-92 (2018). doi:10.12744\/ijnpt.2018.0001-0092<\/p>\n\t\t\t\t\t\t\t\t<\/div>\n\t\t\t\t<\/div>\n\t\t\t\t<div class=\"elementor-element elementor-element-01d5f66 elementor-mobile-align-left elementor-widget-mobile__width-inherit elementor-widget elementor-widget-button\" data-id=\"01d5f66\" data-element_type=\"widget\" data-e-type=\"widget\" data-widget_type=\"button.default\">\n\t\t\t\t<div class=\"elementor-widget-container\">\n\t\t\t\t\t\t\t\t\t<div class=\"elementor-button-wrapper\">\n\t\t\t\t\t<a class=\"elementor-button elementor-button-link elementor-size-sm\" href=\"https:\/\/communiction-equin.s3.us-east-2.amazonaws.com\/wp-content\/uploads\/2024\/03\/18184632\/3eme-article.pdf\" target=\"_blank\" rel=\"noopener noreferrer nofollow\">\n\t\t\t\t\t\t<span class=\"elementor-button-content-wrapper\">\n\t\t\t\t\t\t\t\t\t<span class=\"elementor-button-text\">View post<\/span>\n\t\t\t\t\t<\/span>\n\t\t\t\t\t<\/a>\n\t\t\t\t<\/div>\n\t\t\t\t\t\t\t\t<\/div>\n\t\t\t\t<\/div>\n\t\t\t\t<\/div>\n\t\t<div class=\"elementor-element elementor-element-069c8d1 e-con-full e-flex e-con e-parent\" data-id=\"069c8d1\" data-element_type=\"container\" data-e-type=\"container\" data-settings=\"{&quot;background_background&quot;:&quot;classic&quot;}\">\n\t\t\t\t<div class=\"elementor-element elementor-element-116049b elementor-widget elementor-widget-heading\" data-id=\"116049b\" data-element_type=\"widget\" data-e-type=\"widget\" data-widget_type=\"heading.default\">\n\t\t\t\t<div class=\"elementor-widget-container\">\n\t\t\t\t\t<h5 class=\"elementor-heading-title elementor-size-default\">Memory reconsolidation understood and misunderstood<\/h5>\t\t\t\t<\/div>\n\t\t\t\t<\/div>\n\t\t\t\t<div class=\"elementor-element elementor-element-3d7ece5 elementor-widget elementor-widget-text-editor\" data-id=\"3d7ece5\" data-element_type=\"widget\" data-e-type=\"widget\" data-widget_type=\"text-editor.default\">\n\t\t\t\t<div class=\"elementor-widget-container\">\n\t\t\t\t\t\t\t\t\t<p>Bruce Ecker<\/p>\n<p><em>International Journal of Neuropsychotherapy<\/em><em>, 3(1), <\/em>2-46 (2015). doi:10.12744\/ijnpt.2015.0002-0046<\/p>\n\t\t\t\t\t\t\t\t<\/div>\n\t\t\t\t<\/div>\n\t\t\t\t<div class=\"elementor-element elementor-element-592864e elementor-mobile-align-left elementor-widget-mobile__width-inherit elementor-widget elementor-widget-button\" data-id=\"592864e\" data-element_type=\"widget\" data-e-type=\"widget\" data-widget_type=\"button.default\">\n\t\t\t\t<div class=\"elementor-widget-container\">\n\t\t\t\t\t\t\t\t\t<div class=\"elementor-button-wrapper\">\n\t\t\t\t\t<a class=\"elementor-button elementor-button-link elementor-size-sm\" href=\"https:\/\/communiction-equin.s3.us-east-2.amazonaws.com\/wp-content\/uploads\/2024\/03\/18184634\/4ieme-article.pdf\" target=\"_blank\" rel=\"noopener noreferrer nofollow\">\n\t\t\t\t\t\t<span class=\"elementor-button-content-wrapper\">\n\t\t\t\t\t\t\t\t\t<span class=\"elementor-button-text\">View post<\/span>\n\t\t\t\t\t<\/span>\n\t\t\t\t\t<\/a>\n\t\t\t\t<\/div>\n\t\t\t\t\t\t\t\t<\/div>\n\t\t\t\t<\/div>\n\t\t\t\t<\/div>\n\t\t<div class=\"elementor-element elementor-element-ad4ed66 e-con-full e-flex e-con e-parent\" data-id=\"ad4ed66\" data-element_type=\"container\" data-e-type=\"container\" data-settings=\"{&quot;background_background&quot;:&quot;classic&quot;}\">\n\t\t\t\t<div class=\"elementor-element elementor-element-06439cd elementor-widget elementor-widget-heading\" data-id=\"06439cd\" data-element_type=\"widget\" data-e-type=\"widget\" data-widget_type=\"heading.default\">\n\t\t\t\t<div class=\"elementor-widget-container\">\n\t\t\t\t\t<h5 class=\"elementor-heading-title elementor-size-default\">Extinction-reconsolidation boundaries: key to persistent attenuation of fear memories<\/h5>\t\t\t\t<\/div>\n\t\t\t\t<\/div>\n\t\t\t\t<div class=\"elementor-element elementor-element-b8b5b82 elementor-widget elementor-widget-text-editor\" data-id=\"b8b5b82\" data-element_type=\"widget\" data-e-type=\"widget\" data-widget_type=\"text-editor.default\">\n\t\t\t\t<div class=\"elementor-widget-container\">\n\t\t\t\t\t\t\t\t\t<p>Monfils, M-H., Cowansage, K., Klann, E. &amp; LeDoux, J.E. (2009)<\/p>\n<p><em>Science,324(5929)<\/em>, 951-955<\/p>\n\t\t\t\t\t\t\t\t<\/div>\n\t\t\t\t<\/div>\n\t\t\t\t<div class=\"elementor-element elementor-element-12006f5 elementor-mobile-align-left elementor-widget-mobile__width-inherit elementor-widget elementor-widget-button\" data-id=\"12006f5\" data-element_type=\"widget\" data-e-type=\"widget\" data-widget_type=\"button.default\">\n\t\t\t\t<div class=\"elementor-widget-container\">\n\t\t\t\t\t\t\t\t\t<div class=\"elementor-button-wrapper\">\n\t\t\t\t\t<a class=\"elementor-button elementor-button-link elementor-size-sm\" href=\"https:\/\/communiction-equin.s3.us-east-2.amazonaws.com\/wp-content\/uploads\/2024\/03\/18184636\/5ieme-article.pdf\" target=\"_blank\" rel=\"noopener noreferrer nofollow\">\n\t\t\t\t\t\t<span class=\"elementor-button-content-wrapper\">\n\t\t\t\t\t\t\t\t\t<span class=\"elementor-button-text\">View post<\/span>\n\t\t\t\t\t<\/span>\n\t\t\t\t\t<\/a>\n\t\t\t\t<\/div>\n\t\t\t\t\t\t\t\t<\/div>\n\t\t\t\t<\/div>\n\t\t\t\t<\/div>\n\t\t\t\t\t<\/div>\n\t\t\t\t<\/div>\n\t\t\t\t<\/div>\n\t\t","protected":false},"excerpt":{"rendered":"<p>The Neuroscience of Memory Reconsolidation and Equine Memory Rewriting (EMR) For almost a century, even since Pavlov&#8217;s work, scientific evidence seemed to show that once an emotional response pattern is consolidated (stored in the brain&#8217;s long-term memory circuits) it becomes indelible, permanent, for the rest of the animal&#8217;s or individual&#8217;s life. Based on this presumption [&hellip;]<\/p>\n","protected":false},"author":22,"featured_media":0,"parent":0,"menu_order":0,"comment_status":"closed","ping_status":"closed","template":"elementor_header_footer","meta":{"_acf_changed":false,"_surecart_dashboard_logo_width":"180px","_surecart_dashboard_show_logo":true,"_surecart_dashboard_navigation_orders":true,"_surecart_dashboard_navigation_invoices":true,"_surecart_dashboard_navigation_subscriptions":true,"_surecart_dashboard_navigation_downloads":true,"_surecart_dashboard_navigation_billing":true,"_surecart_dashboard_navigation_account":true,"footnotes":""},"class_list":["post-21289","page","type-page","status-publish","hentry"],"acf":[],"_links":{"self":[{"href":"https:\/\/equincommunication.com\/en\/wp-json\/wp\/v2\/pages\/21289","targetHints":{"allow":["GET"]}}],"collection":[{"href":"https:\/\/equincommunication.com\/en\/wp-json\/wp\/v2\/pages"}],"about":[{"href":"https:\/\/equincommunication.com\/en\/wp-json\/wp\/v2\/types\/page"}],"author":[{"embeddable":true,"href":"https:\/\/equincommunication.com\/en\/wp-json\/wp\/v2\/users\/22"}],"replies":[{"embeddable":true,"href":"https:\/\/equincommunication.com\/en\/wp-json\/wp\/v2\/comments?post=21289"}],"version-history":[{"count":0,"href":"https:\/\/equincommunication.com\/en\/wp-json\/wp\/v2\/pages\/21289\/revisions"}],"wp:attachment":[{"href":"https:\/\/equincommunication.com\/en\/wp-json\/wp\/v2\/media?parent=21289"}],"curies":[{"name":"wp","href":"https:\/\/api.w.org\/{rel}","templated":true}]}}